{"id":8,"date":"2013-05-22T06:49:27","date_gmt":"2013-05-22T06:49:27","guid":{"rendered":"http:\/\/rke.ee\/wp\/?page_id=8"},"modified":"2013-06-04T06:51:22","modified_gmt":"2013-06-04T06:51:22","slug":"pakume-tood","status":"publish","type":"page","link":"https:\/\/rke.ee\/en\/ettevottest\/pakume-tood\/","title":{"rendered":"Pakume t\u00f6\u00f6d"},"content":{"rendered":"<p>Reklaamkingiekspert otsib oma meeskonda projektijuhti, kelle \u00fclesandeks on reklaamkingituste ja -tekstiili aktiivne m\u00fc\u00fck.<\/p>\n<p>T\u00f6\u00f6\u00fclesanded:<br \/>\nAktiivne m\u00fc\u00fck ja suhtlemine klientidega<br \/>\nPakkumiste koostamine ja tellimuste vormistamine<br \/>\nKliendisuhete hoidmine ja arendamine<br \/>\nM\u00fc\u00fcgil\u00e4bir\u00e4\u00e4kimiste pidamine klientidega<\/p>\n<p>N\u00f5udmised kandidaadile:<br \/>\nSoovitav eelnev m\u00fc\u00fcgit\u00f6\u00f6 kogemus<br \/>\nTulemustele orienteeritus ja sihikindlus<br \/>\nElementaarne arvuti kasutamise oskus<\/p>\n<p>Omalt poolt pakume:<br \/>\nP\u00f5hipalka + motiveerivat tulemuspalka<br \/>\nMeeldivat t\u00f6\u00f6keskkonda<\/p>\n<p>[contact-form-7 id=&#8221;232&#8243; title=&#8221;Lae \u00fcles CV&#8221;]<\/p>\n","protected":false},"excerpt":{"rendered":"<p>Reklaamkingiekspert otsib oma meeskonda projektijuhti, kelle \u00fclesandeks on reklaamkingituste ja -tekstiili aktiivne m\u00fc\u00fck. T\u00f6\u00f6\u00fclesanded: Aktiivne m\u00fc\u00fck ja suhtlemine klientidega Pakkumiste &hellip;<\/p>\n","protected":false},"author":2,"featured_media":0,"parent":7,"menu_order":0,"comment_status":"open","ping_status":"open","template":"template_noleftright.php","meta":[],"_links":{"self":[{"href":"https:\/\/rke.ee\/en\/wp-json\/wp\/v2\/pages\/8"}],"collection":[{"href":"https:\/\/rke.ee\/en\/wp-json\/wp\/v2\/pages"}],"about":[{"href":"https:\/\/rke.ee\/en\/wp-json\/wp\/v2\/types\/page"}],"author":[{"embeddable":true,"href":"https:\/\/rke.ee\/en\/wp-json\/wp\/v2\/users\/2"}],"replies":[{"embeddable":true,"href":"https:\/\/rke.ee\/en\/wp-json\/wp\/v2\/comments?post=8"}],"version-history":[{"count":7,"href":"https:\/\/rke.ee\/en\/wp-json\/wp\/v2\/pages\/8\/revisions"}],"predecessor-version":[{"id":231,"href":"https:\/\/rke.ee\/en\/wp-json\/wp\/v2\/pages\/8\/revisions\/231"}],"up":[{"embeddable":true,"href":"https:\/\/rke.ee\/en\/wp-json\/wp\/v2\/pages\/7"}],"wp:attachment":[{"href":"https:\/\/rke.ee\/en\/wp-json\/wp\/v2\/media?parent=8"}],"curies":[{"name":"wp","href":"https:\/\/api.w.org\/{rel}","templated":true}]}}